{"id":178,"date":"2013-10-20T08:37:54","date_gmt":"2013-10-20T08:37:54","guid":{"rendered":"http:\/\/fysiotele.com\/wp\/?page_id=178"},"modified":"2017-10-26T13:56:47","modified_gmt":"2017-10-26T13:56:47","slug":"ervaring-van-uw-collega","status":"publish","type":"page","link":"http:\/\/fysiotele.com\/wp\/?page_id=178","title":{"rendered":"Ervaringen"},"content":{"rendered":"<p>Lesley Pasveer, Fysiotherapie Harks, Geldrop:<\/p>\n<p><i>&#8220;Een vlotte en goede service waar wij als therapeut \u00e9n de pati\u00ebnten zeer blij mee zijn! De pati\u00ebnt die belt om een afspraak te maken, een afspraak te wijzigen, informatie te bekomen, \u2026 wordt steeds te woord gestaan en tegelijkertijd wordt de behandeling van de pati\u00ebnt in de behandelkamer niet meer gestoord door een telefoongesprek. Het maakt dat we als therapeut gedurende de gehele behandeling onze aandacht bij de pati\u00ebnt kunnen houden. Een service die zowel de pati\u00ebnttevredenheid als de behandelkwaliteit ten goede komt!&#8221;<\/i><\/p>\n<p>Ronald van Broekhoven,\u00a0Van Broekhoven Fysiotherapie, Roosendaal\/Etten-Leur:<\/p>\n<p><i><span style=\"text-decoration: underline;\">&#8220;Fysiotelecom breng rust in de praktijk&#8221;<\/span><\/i><br \/>\n<i>Namelijk door niet meer hoeven opnemen tijdens de behandeling en geen stress over gemiste telefoontjes. Hierdoor krijgt de pati\u00ebnt de volle aandacht en dat is prettig.\u00a0<\/i><i>Deze oplossing duur? Nee, dat viel ons reuze mee. Op rustige momenten kunnen we nog gewoon zelf de telefoon opnemen, dus niet alle telefoontjes lopen via Fysiotelecom.&#8221;<\/i><\/p>\n<p>Jurian en Bert Donders, Fysio Donders, Arnhem:<\/p>\n<p><i>&#8220;Wij werken momenteel al 6\u00a0 jaar samen met FysioTele.com\u00a0en hadden dit het liefst 10 jaar eerder willen doen. Het bespaart ons verstoringen in de behandelingen en we missen geen enkele nieuwe pati\u00ebnt omdat tijdens openingstijden de telefoon altijd wordt opgenomen in combinatie met ons slimme Voiptelefoonsysteem. De kosten verdienen zich hierdoor vanzelf snel terug.\u00a0<\/i><i>Ook het agenda- en e-mailbeheer van de website ervaren wij als een grote tijdswinst en gemak. De service wordt gewaardeerd door onze pati\u00ebnten wat we terug zien in onze tevredenheidsonderzoeken.&#8221;<\/i><\/p>\n","protected":false},"excerpt":{"rendered":"<p>Lesley Pasveer, Fysiotherapie Harks, Geldrop: &#8220;Een vlotte en goede service waar wij als therapeut \u00e9n de pati\u00ebnten zeer blij mee zijn! De pati\u00ebnt die belt om een afspraak te maken, een afspraak te wijzigen, informatie te bekomen, \u2026 wordt steeds &hellip; <a href=\"http:\/\/fysiotele.com\/wp\/?page_id=178\">Lees verder <span class=\"meta-nav\">&rarr;<\/span><\/a><\/p>\n","protected":false},"author":1,"featured_media":0,"parent":0,"menu_order":0,"comment_status":"closed","ping_status":"closed","template":"","meta":[],"_links":{"self":[{"href":"http:\/\/fysiotele.com\/wp\/index.php?rest_route=\/wp\/v2\/pages\/178"}],"collection":[{"href":"http:\/\/fysiotele.com\/wp\/index.php?rest_route=\/wp\/v2\/pages"}],"about":[{"href":"http:\/\/fysiotele.com\/wp\/index.php?rest_route=\/wp\/v2\/types\/page"}],"author":[{"embeddable":true,"href":"http:\/\/fysiotele.com\/wp\/index.php?rest_route=\/wp\/v2\/users\/1"}],"replies":[{"embeddable":true,"href":"http:\/\/fysiotele.com\/wp\/index.php?rest_route=%2Fwp%2Fv2%2Fcomments&post=178"}],"version-history":[{"count":4,"href":"http:\/\/fysiotele.com\/wp\/index.php?rest_route=\/wp\/v2\/pages\/178\/revisions"}],"predecessor-version":[{"id":214,"href":"http:\/\/fysiotele.com\/wp\/index.php?rest_route=\/wp\/v2\/pages\/178\/revisions\/214"}],"wp:attachment":[{"href":"http:\/\/fysiotele.com\/wp\/index.php?rest_route=%2Fwp%2Fv2%2Fmedia&parent=178"}],"curies":[{"name":"wp","href":"https:\/\/api.w.org\/{rel}","templated":true}]}}